{"id":2639,"date":"2020-09-03T15:30:51","date_gmt":"2020-09-03T14:30:51","guid":{"rendered":"https:\/\/addapters.com\/websites\/premioin3mais\/en\/?page_id=2639"},"modified":"2023-07-06T13:18:19","modified_gmt":"2023-07-06T12:18:19","slug":"jury","status":"publish","type":"page","link":"https:\/\/premioin3mais.pt\/en\/jury\/","title":{"rendered":"Jury"},"content":{"rendered":"<p>[et_pb_section fb_built=&#8221;1&#8243; fullwidth=&#8221;on&#8221; _builder_version=&#8221;4.20.4&#8243; _module_preset=&#8221;default&#8221; background_image=&#8221;https:\/\/premioin3mais.pt\/en\/wp-content\/uploads\/2023\/04\/juri-banner-in3-site.png&#8221; global_colors_info=&#8221;{}&#8221;][et_pb_fullwidth_image src=&#8221;https:\/\/premioin3mais.pt\/en\/wp-content\/uploads\/2023\/04\/juri-banner-in3-site.png&#8221; title_text=&#8221;juri-banner-in3-site&#8221; _builder_version=&#8221;4.20.4&#8243; _module_preset=&#8221;default&#8221; global_colors_info=&#8221;{}&#8221;][\/et_pb_fullwidth_image][\/et_pb_section][et_pb_section fb_built=&#8221;1&#8243; _builder_version=&#8221;4.16&#8243; _module_preset=&#8221;default&#8221; background_image=&#8221;https:\/\/premioin3mais.pt\/en\/wp-content\/uploads\/2020\/07\/BASE-Webinar-bg-v2.png&#8221; custom_margin=&#8221;-10px||||false|false&#8221; custom_padding=&#8221;0px||0px|||&#8221; global_colors_info=&#8221;{}&#8221;][et_pb_row custom_padding_last_edited=&#8221;on|desktop&#8221; _builder_version=&#8221;4.16&#8243; _module_preset=&#8221;default&#8221; custom_padding=&#8221;30px||10px||false|false&#8221; custom_padding_tablet=&#8221;&#8221; custom_padding_phone=&#8221;&#8221; global_colors_info=&#8221;{}&#8221;][et_pb_column type=&#8221;4_4&#8243; _builder_version=&#8221;4.16&#8243; _module_preset=&#8221;default&#8221; global_colors_info=&#8221;{}&#8221;][et_pb_text _builder_version=&#8221;4.20.4&#8243; _module_preset=&#8221;default&#8221; text_text_color=&#8221;#ffffff&#8221; text_line_height=&#8221;1.8em&#8221; header_text_align=&#8221;center&#8221; header_text_color=&#8221;#ffffff&#8221; header_letter_spacing=&#8221;2px&#8221; header_3_text_color=&#8221;#ffffff&#8221; text_orientation=&#8221;center&#8221; width=&#8221;100%&#8221; width_tablet=&#8221;&#8221; width_phone=&#8221;&#8221; width_last_edited=&#8221;on|desktop&#8221; max_width=&#8221;80%&#8221; max_width_tablet=&#8221;&#8221; max_width_phone=&#8221;&#8221; max_width_last_edited=&#8221;on|desktop&#8221; module_alignment=&#8221;center&#8221; text_line_height_tablet=&#8221;&#8221; text_line_height_phone=&#8221;&#8221; text_line_height_last_edited=&#8221;on|desktop&#8221; header_font_size_tablet=&#8221;35px&#8221; header_font_size_phone=&#8221;30px&#8221; header_font_size_last_edited=&#8221;on|tablet&#8221; header_letter_spacing_tablet=&#8221;&#8221; header_letter_spacing_phone=&#8221;1px&#8221; header_letter_spacing_last_edited=&#8221;on|desktop&#8221; header_3_font_size_tablet=&#8221;&#8221; header_3_font_size_phone=&#8221;24px&#8221; header_3_font_size_last_edited=&#8221;on|phone&#8221; global_colors_info=&#8221;{}&#8221;]<\/p>\n<h1 >Meet our jury<\/h1>\n<h3 >A panel of excellence in representing national innovation<\/h3>\n<p>[\/et_pb_text][\/et_pb_column][\/et_pb_row][\/et_pb_section][et_pb_section fb_built=&#8221;1&#8243; _builder_version=&#8221;4.16&#8243; global_colors_info=&#8221;{}&#8221;][et_pb_row column_structure=&#8221;1_3,1_3,1_3&#8243; custom_padding_last_edited=&#8221;on|desktop&#8221; disabled_on=&#8221;off|off|off&#8221; _builder_version=&#8221;4.16&#8243; custom_padding=&#8221;30px||30px||false|false&#8221; custom_padding_tablet=&#8221;&#8221; custom_padding_phone=&#8221;&#8221; global_colors_info=&#8221;{}&#8221;][et_pb_column type=&#8221;1_3&#8243; _builder_version=&#8221;4.16&#8243; global_colors_info=&#8221;{}&#8221;][et_pb_team_member name=&#8221;Manuel Heitor&#8221; image_url=&#8221;https:\/\/premioin3mais.pt\/en\/wp-content\/uploads\/2023\/04\/manuel-heitor-1.png&#8221; icon_color=&#8221;#000000&#8243; disabled_on=&#8221;off|off|off&#8221; _builder_version=&#8221;4.20.4&#8243; header_font=&#8221;|600|||||||&#8221; header_font_size=&#8221;22px&#8221; body_font=&#8221;||on||||||&#8221; body_text_color=&#8221;#000000&#8243; body_line_height=&#8221;1.6em&#8221; position_font=&#8221;||||||||&#8221; position_font_size=&#8221;18px&#8221; position_line_height=&#8221;1.4em&#8221; custom_margin=&#8221;||||false|false&#8221; custom_padding=&#8221;||50px||false|false&#8221; custom_padding_tablet=&#8221;&#8221; custom_padding_phone=&#8221;60px||||false|false&#8221; custom_padding_last_edited=&#8221;on|phone&#8221; animation_style=&#8221;slide&#8221; animation_direction=&#8221;left&#8221; animation_intensity_slide=&#8221;5%&#8221; header_font_size_tablet=&#8221;&#8221; header_font_size_phone=&#8221;&#8221; header_font_size_last_edited=&#8221;on|desktop&#8221; header_line_height_tablet=&#8221;&#8221; header_line_height_phone=&#8221;0.9em&#8221; header_line_height_last_edited=&#8221;on|phone&#8221; body_font_size_tablet=&#8221;&#8221; body_font_size_phone=&#8221;&#8221; body_font_size_last_edited=&#8221;on|desktop&#8221; custom_css_member_position=&#8221;font-family: &#8216;ITC Avant Garde&#8217; !important;&#8221; global_colors_info=&#8221;{}&#8221;][\/et_pb_team_member][et_pb_toggle title=&#8221; Biography&#8221; open_toggle_background_color=&#8221;#ffffff&#8221; closed_toggle_background_color=&#8221;#ffffff&#8221; icon_color=&#8221;#7be293&#8243; use_icon_font_size=&#8221;on&#8221; icon_font_size=&#8221;25px&#8221; open_icon_color=&#8221;#7be293&#8243; open_use_icon_font_size=&#8221;on&#8221; open_icon_font_size=&#8221;25px&#8221; icon_font_size_tablet=&#8221;&#8221; icon_font_size_phone=&#8221;&#8221; icon_font_size_last_edited=&#8221;on|desktop&#8221; open_icon_font_size_tablet=&#8221;25px&#8221; open_icon_font_size_phone=&#8221;25px&#8221; open_icon_font_size_last_edited=&#8221;on|desktop&#8221; _builder_version=&#8221;4.20.4&#8243; _module_preset=&#8221;default&#8221; title_font=&#8221;|600|||||||&#8221; body_text_color=&#8221;#000000&#8243; body_line_height=&#8221;1.8em&#8221; background_color=&#8221;rgba(0,0,0,0)&#8221; custom_margin=&#8221;-50px||||false|false&#8221; custom_margin_tablet=&#8221;&#8221; custom_margin_phone=&#8221;&#8221; custom_margin_last_edited=&#8221;on|desktop&#8221; body_line_height_tablet=&#8221;&#8221; body_line_height_phone=&#8221;&#8221; body_line_height_last_edited=&#8221;on|desktop&#8221; border_width_all=&#8221;0px&#8221; border_color_all=&#8221;#7be293&#8243; border_width_bottom=&#8221;4px&#8221; global_colors_info=&#8221;{}&#8221;]<\/p>\n<p>Minister of Science, Technology and Higher Education of the XXI and XXII Constitutional Governments and Secretary of State for Science, Technology and Higher Education, of the XVII and XVIII Constitutional Governments.<\/p>\n<p>With a degree in Mechanical Engineering, he is Titular Professor at Instituto Superior T\u00e9cnico, where, between 1993 and 1998, he assumed the position of Deputy President.<\/p>\n<p>[\/et_pb_toggle][\/et_pb_column][et_pb_column type=&#8221;1_3&#8243; _builder_version=&#8221;4.16&#8243; global_colors_info=&#8221;{}&#8221;][et_pb_team_member name=&#8221;V\u00edtor Const\u00e2ncio&#8221; image_url=&#8221;https:\/\/premioin3mais.pt\/en\/wp-content\/uploads\/2023\/04\/Vitor-Constancio.png&#8221; icon_color=&#8221;#000000&#8243; disabled_on=&#8221;off|off|off&#8221; _builder_version=&#8221;4.20.4&#8243; header_font=&#8221;|600|||||||&#8221; header_font_size=&#8221;22px&#8221; body_font=&#8221;||on||||||&#8221; body_text_color=&#8221;#000000&#8243; body_line_height=&#8221;1.6em&#8221; position_font=&#8221;||||||||&#8221; position_font_size=&#8221;18px&#8221; position_line_height=&#8221;1.4em&#8221; custom_margin=&#8221;||||false|false&#8221; custom_padding=&#8221;||50px||false|false&#8221; custom_padding_tablet=&#8221;&#8221; custom_padding_phone=&#8221;60px||||false|false&#8221; custom_padding_last_edited=&#8221;on|phone&#8221; animation_style=&#8221;slide&#8221; animation_direction=&#8221;left&#8221; animation_intensity_slide=&#8221;5%&#8221; header_font_size_tablet=&#8221;&#8221; header_font_size_phone=&#8221;&#8221; header_font_size_last_edited=&#8221;on|desktop&#8221; header_line_height_tablet=&#8221;&#8221; header_line_height_phone=&#8221;0.9em&#8221; header_line_height_last_edited=&#8221;on|phone&#8221; body_font_size_tablet=&#8221;&#8221; body_font_size_phone=&#8221;&#8221; body_font_size_last_edited=&#8221;on|desktop&#8221; custom_css_member_position=&#8221;font-family: &#8216;ITC Avant Garde&#8217; !important;&#8221; global_colors_info=&#8221;{}&#8221;][\/et_pb_team_member][et_pb_toggle title=&#8221; Biography&#8221; open_toggle_background_color=&#8221;#ffffff&#8221; closed_toggle_background_color=&#8221;#ffffff&#8221; icon_color=&#8221;#7be293&#8243; use_icon_font_size=&#8221;on&#8221; icon_font_size=&#8221;25px&#8221; open_icon_color=&#8221;#7be293&#8243; open_use_icon_font_size=&#8221;on&#8221; open_icon_font_size=&#8221;25px&#8221; icon_font_size_tablet=&#8221;&#8221; icon_font_size_phone=&#8221;&#8221; icon_font_size_last_edited=&#8221;on|desktop&#8221; open_icon_font_size_tablet=&#8221;25px&#8221; open_icon_font_size_phone=&#8221;25px&#8221; open_icon_font_size_last_edited=&#8221;on|desktop&#8221; _builder_version=&#8221;4.20.4&#8243; _module_preset=&#8221;default&#8221; title_font=&#8221;|600|||||||&#8221; body_text_color=&#8221;#000000&#8243; body_line_height=&#8221;1.8em&#8221; background_color=&#8221;rgba(0,0,0,0)&#8221; custom_margin=&#8221;-50px||||false|false&#8221; custom_margin_tablet=&#8221;&#8221; custom_margin_phone=&#8221;&#8221; custom_margin_last_edited=&#8221;on|desktop&#8221; body_line_height_tablet=&#8221;&#8221; body_line_height_phone=&#8221;&#8221; body_line_height_last_edited=&#8221;on|desktop&#8221; border_width_all=&#8221;0px&#8221; border_color_all=&#8221;#7be293&#8243; border_width_bottom=&#8221;4px&#8221; global_colors_info=&#8221;{}&#8221;]<\/p>\n<p>Minister of Finance of Portugal, in 1978, Governor of the Bank of Portugal between 2000 and 2010, and as Vice-President of the European Central Bank, between 2010 and 2018.<\/p>\n<p>He is currently President of the School Council of ISEG -Lisbon School of Economics &amp; Management, and Professor in the Masters in Banking and Regulation at the University of Navarra, Madrid.<\/p>\n<p>[\/et_pb_toggle][\/et_pb_column][et_pb_column type=&#8221;1_3&#8243; _builder_version=&#8221;4.16&#8243; global_colors_info=&#8221;{}&#8221;][et_pb_team_member name=&#8221;Isabel Furtado&#8221; image_url=&#8221;https:\/\/premioin3mais.pt\/en\/wp-content\/uploads\/2023\/04\/Isabel-Furtado.png&#8221; icon_color=&#8221;#000000&#8243; disabled_on=&#8221;off|off|off&#8221; _builder_version=&#8221;4.20.4&#8243; header_font=&#8221;|600|||||||&#8221; header_font_size=&#8221;22px&#8221; body_font=&#8221;||on||||||&#8221; body_text_color=&#8221;#000000&#8243; body_line_height=&#8221;1.6em&#8221; position_font=&#8221;||||||||&#8221; position_font_size=&#8221;18px&#8221; position_line_height=&#8221;1.4em&#8221; custom_margin=&#8221;||||false|false&#8221; custom_padding=&#8221;||50px||false|false&#8221; custom_padding_tablet=&#8221;&#8221; custom_padding_phone=&#8221;60px||||false|false&#8221; custom_padding_last_edited=&#8221;on|phone&#8221; animation_style=&#8221;slide&#8221; animation_direction=&#8221;left&#8221; animation_intensity_slide=&#8221;5%&#8221; header_font_size_tablet=&#8221;&#8221; header_font_size_phone=&#8221;&#8221; header_font_size_last_edited=&#8221;on|desktop&#8221; header_line_height_tablet=&#8221;&#8221; header_line_height_phone=&#8221;0.9em&#8221; header_line_height_last_edited=&#8221;on|phone&#8221; body_font_size_tablet=&#8221;&#8221; body_font_size_phone=&#8221;&#8221; body_font_size_last_edited=&#8221;on|desktop&#8221; custom_css_member_position=&#8221;font-family: &#8216;ITC Avant Garde&#8217; !important;&#8221; global_colors_info=&#8221;{}&#8221;][\/et_pb_team_member][et_pb_toggle title=&#8221; Biography&#8221; open_toggle_background_color=&#8221;#ffffff&#8221; closed_toggle_background_color=&#8221;#ffffff&#8221; icon_color=&#8221;#7be293&#8243; use_icon_font_size=&#8221;on&#8221; icon_font_size=&#8221;25px&#8221; open_icon_color=&#8221;#7be293&#8243; open_use_icon_font_size=&#8221;on&#8221; open_icon_font_size=&#8221;25px&#8221; icon_font_size_tablet=&#8221;&#8221; icon_font_size_phone=&#8221;&#8221; icon_font_size_last_edited=&#8221;on|desktop&#8221; open_icon_font_size_tablet=&#8221;25px&#8221; open_icon_font_size_phone=&#8221;25px&#8221; open_icon_font_size_last_edited=&#8221;on|desktop&#8221; _builder_version=&#8221;4.20.4&#8243; _module_preset=&#8221;default&#8221; title_font=&#8221;|600|||||||&#8221; body_text_color=&#8221;#000000&#8243; body_line_height=&#8221;1.8em&#8221; background_color=&#8221;rgba(0,0,0,0)&#8221; custom_margin=&#8221;-50px||||false|false&#8221; custom_margin_tablet=&#8221;&#8221; custom_margin_phone=&#8221;&#8221; custom_margin_last_edited=&#8221;on|desktop&#8221; body_line_height_tablet=&#8221;&#8221; body_line_height_phone=&#8221;&#8221; body_line_height_last_edited=&#8221;on|desktop&#8221; border_width_all=&#8221;0px&#8221; border_color_all=&#8221;#7be293&#8243; border_width_bottom=&#8221;4px&#8221; global_colors_info=&#8221;{}&#8221;]<\/p>\n<p>Member of the Governing Committee of MIT Portugal and Vice President of ATP &#8211; Associa\u00e7\u00e3o T\u00eaxtil Portuguesa, and President of the Board of COTEC Portugal between 2018 and 2022.<\/p>\n<p>With a degree in Economics, has been CEO of TMG Automotive since 2008, member of the Board of Directors of CEIIA, member of the Board of Trustees of the University of Minho.<\/p>\n<p>[\/et_pb_toggle][\/et_pb_column][\/et_pb_row][et_pb_row column_structure=&#8221;1_3,1_3,1_3&#8243; custom_padding_last_edited=&#8221;on|desktop&#8221; disabled_on=&#8221;off|off|off&#8221; _builder_version=&#8221;4.16&#8243; custom_padding=&#8221;30px||30px||false|false&#8221; custom_padding_tablet=&#8221;&#8221; custom_padding_phone=&#8221;&#8221; global_colors_info=&#8221;{}&#8221;][et_pb_column type=&#8221;1_3&#8243; _builder_version=&#8221;4.16&#8243; global_colors_info=&#8221;{}&#8221;][et_pb_team_member name=&#8221;S\u00edlvia Garcia&#8221; image_url=&#8221;https:\/\/premioin3mais.pt\/en\/wp-content\/uploads\/2023\/07\/Silvia-Garcia-V2.png&#8221; icon_color=&#8221;#000000&#8243; disabled_on=&#8221;off|off|off&#8221; _builder_version=&#8221;4.21.0&#8243; header_font=&#8221;|600|||||||&#8221; header_font_size=&#8221;22px&#8221; body_font=&#8221;||on||||||&#8221; body_text_color=&#8221;#000000&#8243; body_line_height=&#8221;1.6em&#8221; position_font=&#8221;||||||||&#8221; position_font_size=&#8221;18px&#8221; position_line_height=&#8221;1.4em&#8221; custom_margin=&#8221;||||false|false&#8221; custom_padding=&#8221;||50px||false|false&#8221; custom_padding_tablet=&#8221;&#8221; custom_padding_phone=&#8221;60px||||false|false&#8221; custom_padding_last_edited=&#8221;on|phone&#8221; animation_style=&#8221;slide&#8221; animation_direction=&#8221;left&#8221; animation_intensity_slide=&#8221;5%&#8221; header_font_size_tablet=&#8221;&#8221; header_font_size_phone=&#8221;&#8221; header_font_size_last_edited=&#8221;on|desktop&#8221; header_line_height_tablet=&#8221;&#8221; header_line_height_phone=&#8221;0.9em&#8221; header_line_height_last_edited=&#8221;on|phone&#8221; body_font_size_tablet=&#8221;&#8221; body_font_size_phone=&#8221;&#8221; body_font_size_last_edited=&#8221;on|desktop&#8221; custom_css_member_position=&#8221;font-family: &#8216;ITC Avant Garde&#8217; !important;&#8221; global_colors_info=&#8221;{}&#8221;][\/et_pb_team_member][et_pb_toggle title=&#8221; Biography&#8221; open_toggle_background_color=&#8221;#ffffff&#8221; closed_toggle_background_color=&#8221;#ffffff&#8221; icon_color=&#8221;#7be293&#8243; use_icon_font_size=&#8221;on&#8221; icon_font_size=&#8221;25px&#8221; open_icon_color=&#8221;#7be293&#8243; open_use_icon_font_size=&#8221;on&#8221; open_icon_font_size=&#8221;25px&#8221; icon_font_size_tablet=&#8221;&#8221; icon_font_size_phone=&#8221;&#8221; icon_font_size_last_edited=&#8221;on|desktop&#8221; open_icon_font_size_tablet=&#8221;25px&#8221; open_icon_font_size_phone=&#8221;25px&#8221; open_icon_font_size_last_edited=&#8221;on|desktop&#8221; _builder_version=&#8221;4.20.4&#8243; _module_preset=&#8221;default&#8221; title_font=&#8221;|600|||||||&#8221; body_text_color=&#8221;#000000&#8243; body_line_height=&#8221;1.8em&#8221; background_color=&#8221;rgba(0,0,0,0)&#8221; custom_margin=&#8221;-50px||||false|false&#8221; custom_margin_tablet=&#8221;&#8221; custom_margin_phone=&#8221;&#8221; custom_margin_last_edited=&#8221;on|desktop&#8221; body_line_height_tablet=&#8221;&#8221; body_line_height_phone=&#8221;&#8221; body_line_height_last_edited=&#8221;on|desktop&#8221; border_width_all=&#8221;0px&#8221; border_color_all=&#8221;#7be293&#8243; border_width_bottom=&#8221;4px&#8221; global_colors_info=&#8221;{}&#8221;]<\/p>\n<p>Executive Member of the Board of <span>Directors of<\/span> ANI \u2013 Ag\u00eancia Nacional de Inova\u00e7\u00e3o. In recent years, has been working in the area of \u200b\u200binnovation, focused on the development of ideas and their implementation through multidisciplinary R&amp;D projects, and led the Innovation and Development Laboratory (INCMLAB) at Imprensa Nacional-Casa da Moeda.<\/p>\n<p>PhD in Biotechnology, with a postgraduate degree in industrial management and a degree in Chemical Engineering from NOVA School of Science and Technology (FCTNOVA).<\/p>\n<p>[\/et_pb_toggle][\/et_pb_column][et_pb_column type=&#8221;1_3&#8243; _builder_version=&#8221;4.16&#8243; global_colors_info=&#8221;{}&#8221;][et_pb_team_member name=&#8221;Maria Manuel Leit\u00e3o Marques &#8221; image_url=&#8221;https:\/\/premioin3mais.pt\/en\/wp-content\/uploads\/2023\/04\/Maria-Manuel-Leitao-Marques.png&#8221; icon_color=&#8221;#000000&#8243; disabled_on=&#8221;off|off|off&#8221; _builder_version=&#8221;4.20.4&#8243; header_font=&#8221;|600|||||||&#8221; header_font_size=&#8221;22px&#8221; body_font=&#8221;||on||||||&#8221; body_text_color=&#8221;#000000&#8243; body_line_height=&#8221;1.6em&#8221; position_font=&#8221;||||||||&#8221; position_font_size=&#8221;18px&#8221; position_line_height=&#8221;1.4em&#8221; custom_margin=&#8221;||||false|false&#8221; custom_padding=&#8221;||50px||false|false&#8221; custom_padding_tablet=&#8221;&#8221; custom_padding_phone=&#8221;60px||||false|false&#8221; custom_padding_last_edited=&#8221;on|phone&#8221; animation_style=&#8221;slide&#8221; animation_direction=&#8221;left&#8221; animation_intensity_slide=&#8221;5%&#8221; header_font_size_tablet=&#8221;&#8221; header_font_size_phone=&#8221;&#8221; header_font_size_last_edited=&#8221;on|desktop&#8221; header_line_height_tablet=&#8221;&#8221; header_line_height_phone=&#8221;0.9em&#8221; header_line_height_last_edited=&#8221;on|phone&#8221; body_font_size_tablet=&#8221;&#8221; body_font_size_phone=&#8221;&#8221; body_font_size_last_edited=&#8221;on|desktop&#8221; custom_css_member_position=&#8221;font-family: &#8216;ITC Avant Garde&#8217; !important;&#8221; global_colors_info=&#8221;{}&#8221;][\/et_pb_team_member][et_pb_toggle title=&#8221; Biography&#8221; open_toggle_background_color=&#8221;#ffffff&#8221; closed_toggle_background_color=&#8221;#ffffff&#8221; icon_color=&#8221;#7be293&#8243; use_icon_font_size=&#8221;on&#8221; icon_font_size=&#8221;25px&#8221; open_icon_color=&#8221;#7be293&#8243; open_use_icon_font_size=&#8221;on&#8221; open_icon_font_size=&#8221;25px&#8221; icon_font_size_tablet=&#8221;&#8221; icon_font_size_phone=&#8221;&#8221; icon_font_size_last_edited=&#8221;on|desktop&#8221; open_icon_font_size_tablet=&#8221;25px&#8221; open_icon_font_size_phone=&#8221;25px&#8221; open_icon_font_size_last_edited=&#8221;on|desktop&#8221; _builder_version=&#8221;4.20.4&#8243; _module_preset=&#8221;default&#8221; title_font=&#8221;|600|||||||&#8221; body_text_color=&#8221;#000000&#8243; body_line_height=&#8221;1.8em&#8221; background_color=&#8221;rgba(0,0,0,0)&#8221; custom_margin=&#8221;-50px||||false|false&#8221; custom_margin_tablet=&#8221;&#8221; custom_margin_phone=&#8221;&#8221; custom_margin_last_edited=&#8221;on|desktop&#8221; body_line_height_tablet=&#8221;&#8221; body_line_height_phone=&#8221;&#8221; body_line_height_last_edited=&#8221;on|desktop&#8221; border_width_all=&#8221;0px&#8221; border_color_all=&#8221;#7be293&#8243; border_width_bottom=&#8221;4px&#8221; global_colors_info=&#8221;{}&#8221;]<\/p>\n<p>Minister of the Presidency and Administrative Modernization in the XXI Constitutional Government of Portugal and Member of the European Parliament. In 1997, received the Gulbenkian Prize for Social and Human Sciences, awarded by the Calouste Gulbenkian Foundation.<\/p>\n<p>Titular professor at the Faculty of Economics of the University of Coimbra since 2003 and permanent researcher at the Center for Social Studies of that faculty since 1979.<\/p>\n<p>[\/et_pb_toggle][\/et_pb_column][et_pb_column type=&#8221;1_3&#8243; _builder_version=&#8221;4.16&#8243; global_colors_info=&#8221;{}&#8221;][et_pb_team_member name=&#8221;Alcides Gama&#8221; image_url=&#8221;https:\/\/premioin3mais.pt\/en\/wp-content\/uploads\/2023\/04\/Alcides-Gama.png&#8221; icon_color=&#8221;#000000&#8243; disabled_on=&#8221;off|off|off&#8221; _builder_version=&#8221;4.20.4&#8243; header_font=&#8221;|600|||||||&#8221; header_font_size=&#8221;22px&#8221; body_font=&#8221;||on||||||&#8221; body_text_color=&#8221;#000000&#8243; body_line_height=&#8221;1.6em&#8221; position_font=&#8221;||||||||&#8221; position_font_size=&#8221;18px&#8221; position_line_height=&#8221;1.4em&#8221; custom_margin=&#8221;||||false|false&#8221; custom_padding=&#8221;||50px||false|false&#8221; custom_padding_tablet=&#8221;&#8221; custom_padding_phone=&#8221;60px||||false|false&#8221; custom_padding_last_edited=&#8221;on|phone&#8221; animation_style=&#8221;slide&#8221; animation_direction=&#8221;left&#8221; animation_intensity_slide=&#8221;5%&#8221; header_font_size_tablet=&#8221;&#8221; header_font_size_phone=&#8221;&#8221; header_font_size_last_edited=&#8221;on|desktop&#8221; header_line_height_tablet=&#8221;&#8221; header_line_height_phone=&#8221;0.9em&#8221; header_line_height_last_edited=&#8221;on|phone&#8221; body_font_size_tablet=&#8221;&#8221; body_font_size_phone=&#8221;&#8221; body_font_size_last_edited=&#8221;on|desktop&#8221; custom_css_member_position=&#8221;font-family: &#8216;ITC Avant Garde&#8217; !important;&#8221; global_colors_info=&#8221;{}&#8221;][\/et_pb_team_member][et_pb_toggle title=&#8221; Biography&#8221; open_toggle_background_color=&#8221;#ffffff&#8221; closed_toggle_background_color=&#8221;#ffffff&#8221; icon_color=&#8221;#7be293&#8243; use_icon_font_size=&#8221;on&#8221; icon_font_size=&#8221;25px&#8221; open_icon_color=&#8221;#7be293&#8243; open_use_icon_font_size=&#8221;on&#8221; open_icon_font_size=&#8221;25px&#8221; icon_font_size_tablet=&#8221;&#8221; icon_font_size_phone=&#8221;&#8221; icon_font_size_last_edited=&#8221;on|desktop&#8221; open_icon_font_size_tablet=&#8221;25px&#8221; open_icon_font_size_phone=&#8221;25px&#8221; open_icon_font_size_last_edited=&#8221;on|desktop&#8221; _builder_version=&#8221;4.21.0&#8243; _module_preset=&#8221;default&#8221; title_font=&#8221;|600|||||||&#8221; body_text_color=&#8221;#000000&#8243; body_line_height=&#8221;1.8em&#8221; background_color=&#8221;rgba(0,0,0,0)&#8221; custom_margin=&#8221;-50px||||false|false&#8221; custom_margin_tablet=&#8221;&#8221; custom_margin_phone=&#8221;&#8221; custom_margin_last_edited=&#8221;on|desktop&#8221; hover_enabled=&#8221;0&#8243; body_line_height_tablet=&#8221;&#8221; body_line_height_phone=&#8221;&#8221; body_line_height_last_edited=&#8221;on|desktop&#8221; border_width_all=&#8221;0px&#8221; border_color_all=&#8221;#7be293&#8243; border_width_bottom=&#8221;4px&#8221; global_colors_info=&#8221;{}&#8221; sticky_enabled=&#8221;0&#8243;]Member of the Board of Directors of Imprensa Nacional-Casa da Moeda, from 2017 to 2023. Over the last four decades, he coordinated the areas of Financial Management and Management, Commercial and Marketing Management, Financial Consulting, and Business and Company Valuation, with a special focus on the area of innovation management. He holds a degree in Economics from the Instituto Superior de Economia.[\/et_pb_toggle][\/et_pb_column][\/et_pb_row][\/et_pb_section]<\/p>\n","protected":false},"excerpt":{"rendered":"<p>Meet our jury A panel of excellence in representing national innovationMinister of Science, Technology and Higher Education of the XXI and XXII Constitutional Governments and Secretary of State for Science, Technology and Higher Education, of the XVII and XVIII Constitutional Governments. With a degree in Mechanical Engineering, he is Titular Professor at Instituto Superior T\u00e9cnico, [&hellip;]<\/p>\n","protected":false},"author":1,"featured_media":0,"parent":0,"menu_order":0,"comment_status":"closed","ping_status":"closed","template":"","meta":{"_seopress_robots_primary_cat":"","_seopress_titles_title":"Jury | INCM IN3+ AWARD","_seopress_titles_desc":"Meet the Jury panel responsible for selecting the winning ideas for the IN3 +Award","_seopress_robots_index":"","_et_pb_use_builder":"on","_et_pb_old_content":"","_et_gb_content_width":"","_exactmetrics_skip_tracking":false,"_exactmetrics_sitenote_active":false,"_exactmetrics_sitenote_note":"","_exactmetrics_sitenote_category":0,"footnotes":""},"class_list":["post-2639","page","type-page","status-publish","hentry"],"_links":{"self":[{"href":"https:\/\/premioin3mais.pt\/en\/wp-json\/wp\/v2\/pages\/2639","targetHints":{"allow":["GET"]}}],"collection":[{"href":"https:\/\/premioin3mais.pt\/en\/wp-json\/wp\/v2\/pages"}],"about":[{"href":"https:\/\/premioin3mais.pt\/en\/wp-json\/wp\/v2\/types\/page"}],"author":[{"embeddable":true,"href":"https:\/\/premioin3mais.pt\/en\/wp-json\/wp\/v2\/users\/1"}],"replies":[{"embeddable":true,"href":"https:\/\/premioin3mais.pt\/en\/wp-json\/wp\/v2\/comments?post=2639"}],"version-history":[{"count":44,"href":"https:\/\/premioin3mais.pt\/en\/wp-json\/wp\/v2\/pages\/2639\/revisions"}],"predecessor-version":[{"id":3826,"href":"https:\/\/premioin3mais.pt\/en\/wp-json\/wp\/v2\/pages\/2639\/revisions\/3826"}],"wp:attachment":[{"href":"https:\/\/premioin3mais.pt\/en\/wp-json\/wp\/v2\/media?parent=2639"}],"curies":[{"name":"wp","href":"https:\/\/api.w.org\/{rel}","templated":true}]}}